{"id":1881,"date":"2023-04-13T16:31:19","date_gmt":"2023-04-13T13:31:19","guid":{"rendered":"https:\/\/eduapp-project.eu\/?page_id=1881"},"modified":"2023-04-14T12:07:48","modified_gmt":"2023-04-14T09:07:48","slug":"parceiros","status":"publish","type":"page","link":"https:\/\/eduapp-project.eu\/?page_id=1881&lang=pt","title":{"rendered":"Parceiros"},"content":{"rendered":"\t\t<div data-elementor-type=\"wp-page\" data-elementor-id=\"1881\" class=\"elementor elementor-1881\">\n\t\t\t\t\t\t<div class=\"elementor-inner\">\n\t\t\t\t<div class=\"elementor-section-wrap\">\n\t\t\t\t\t\t\t\t\t<section class=\"elementor-section elementor-top-section elementor-element elementor-element-53994543 elementor-section-boxed elementor-section-height-default elementor-section-height-default\" data-id=\"53994543\" data-element_type=\"section\" data-settings=\"{&quot;background_background&quot;:&quot;gradient&quot;}\">\n\t\t\t\t\t\t<div class=\"elementor-container elementor-column-gap-no\">\n\t\t\t\t\t\t\t<div class=\"elementor-row\">\n\t\t\t\t\t<div class=\"elementor-column elementor-col-50 elementor-top-column elementor-element elementor-element-55a56e30\" data-id=\"55a56e30\" data-element_type=\"column\">\n\t\t\t<div class=\"elementor-column-wrap elementor-element-populated\">\n\t\t\t\t\t\t\t<div class=\"elementor-widget-wrap\">\n\t\t\t\t\t\t<div class=\"elementor-element elementor-element-249d2cc6 elementor-widget elementor-widget-heading\" data-id=\"249d2cc6\" data-element_type=\"widget\" data-widget_type=\"heading.default\">\n\t\t\t\t<div class=\"elementor-widget-container\">\n\t\t\t<h2 class=\"elementor-heading-title elementor-size-default\">Parceria<\/h2>\t\t<\/div>\n\t\t\t\t<\/div>\n\t\t\t\t<div class=\"elementor-element elementor-element-79f4af04 elementor-widget elementor-widget-text-editor\" data-id=\"79f4af04\" data-element_type=\"widget\" data-widget_type=\"text-editor.default\">\n\t\t\t\t<div class=\"elementor-widget-container\">\n\t\t\t\t\t\t\t\t<div class=\"elementor-text-editor elementor-clearfix\">\n\t\t\t\t<b style=\"font-weight: bolder; font-size: 20px; text-align: justify; font-family: Times New Roman; color: black;\">EduApp \u00e9 uma parceria entre 5 institui\u00e7\u00f5es, FEG, da Rom\u00e9nia, SOSU \u00d8STJYLLAND da Dinamarca, Stichting Landstede da Holanda, Instituto Polit\u00e9cnico de Santar\u00e9m, Portugal e IES El Rincon de Espanha, que ir\u00e3o criar um conjunto de ferramentas que ir\u00e3o construir a prontid\u00e3o do ensino digital e reduzir o impacto da crise no campo do EFP. As escolas parceiras t\u00eam experi\u00eancia na educa\u00e7\u00e3o em sa\u00fade a diferentes n\u00edveis, na utiliza\u00e7\u00e3o das TIC na educa\u00e7\u00e3o e dois dos parceiros, na programa\u00e7\u00e3o de aplica\u00e7\u00f5es.<\/b>\t\t\t\t\t<\/div>\n\t\t\t\t\t\t<\/div>\n\t\t\t\t<\/div>\n\t\t\t\t\t\t<\/div>\n\t\t\t\t\t<\/div>\n\t\t<\/div>\n\t\t\t\t<div class=\"elementor-column elementor-col-50 elementor-top-column elementor-element elementor-element-2bebe5c4\" data-id=\"2bebe5c4\" data-element_type=\"column\">\n\t\t\t<div class=\"elementor-column-wrap elementor-element-populated\">\n\t\t\t\t\t\t\t<div class=\"elementor-widget-wrap\">\n\t\t\t\t\t\t<div class=\"elementor-element elementor-element-abc6cc8 elementor-widget elementor-widget-image\" data-id=\"abc6cc8\" data-element_type=\"widget\" data-widget_type=\"image.default\">\n\t\t\t\t<div class=\"elementor-widget-container\">\n\t\t\t\t\t\t\t\t<div class=\"elementor-image\">\n\t\t\t\t\t\t\t\t\t\t\t\t<img decoding=\"async\" width=\"640\" height=\"344\" src=\"https:\/\/eduapp-project.eu\/wp-content\/uploads\/2021\/03\/Logo-EduApp-1024x550.png\" class=\"attachment-large size-large\" alt=\"\" loading=\"lazy\" srcset=\"https:\/\/eduapp-project.eu\/wp-content\/uploads\/2021\/03\/Logo-EduApp-1024x550.png 1024w, https:\/\/eduapp-project.eu\/wp-content\/uploads\/2021\/03\/Logo-EduApp-600x322.png 600w, https:\/\/eduapp-project.eu\/wp-content\/uploads\/2021\/03\/Logo-EduApp-300x161.png 300w, https:\/\/eduapp-project.eu\/wp-content\/uploads\/2021\/03\/Logo-EduApp-768x413.png 768w, https:\/\/eduapp-project.eu\/wp-content\/uploads\/2021\/03\/Logo-EduApp-1536x825.png 1536w, https:\/\/eduapp-project.eu\/wp-content\/uploads\/2021\/03\/Logo-EduApp-1568x843.png 1568w, https:\/\/eduapp-project.eu\/wp-content\/uploads\/2021\/03\/Logo-EduApp.png 1831w\" sizes=\"(max-width: 640px) 100vw, 640px\" \/>\t\t\t\t\t\t\t\t\t\t\t\t\t\t<\/div>\n\t\t\t\t\t\t<\/div>\n\t\t\t\t<\/div>\n\t\t\t\t\t\t<\/div>\n\t\t\t\t\t<\/div>\n\t\t<\/div>\n\t\t\t\t\t\t\t\t<\/div>\n\t\t\t\t\t<\/div>\n\t\t<\/section>\n\t\t\t\t<section class=\"elementor-section elementor-top-section elementor-element elementor-element-9a99f68 elementor-section-stretched elementor-section-full_width elementor-section-height-default elementor-section-height-default\" data-id=\"9a99f68\" data-element_type=\"section\" data-settings=\"{&quot;stretch_section&quot;:&quot;section-stretched&quot;,&quot;background_background&quot;:&quot;gradient&quot;}\">\n\t\t\t\t\t\t\t<div class=\"elementor-background-overlay\"><\/div>\n\t\t\t\t\t\t\t<div class=\"elementor-container elementor-column-gap-default\">\n\t\t\t\t\t\t\t<div class=\"elementor-row\">\n\t\t\t\t\t<div class=\"elementor-column elementor-col-20 elementor-top-column elementor-element elementor-element-6fe61fde elementor-sm-50\" data-id=\"6fe61fde\" data-element_type=\"column\">\n\t\t\t<div class=\"elementor-column-wrap elementor-element-populated\">\n\t\t\t\t\t\t\t<div class=\"elementor-widget-wrap\">\n\t\t\t\t\t\t<div class=\"elementor-element elementor-element-10626c25 presentation-sosu elementor-position-top elementor-vertical-align-top elementor-widget elementor-widget-image-box\" data-id=\"10626c25\" data-element_type=\"widget\" id=\"presentation-sosu\" data-widget_type=\"image-box.default\">\n\t\t\t\t<div class=\"elementor-widget-container\">\n\t\t\t<div class=\"elementor-image-box-wrapper\"><figure class=\"elementor-image-box-img\"><a href=\"https:\/\/www.sosuoj.dk\/\"><img decoding=\"async\" width=\"300\" height=\"158\" src=\"https:\/\/eduapp-project.eu\/wp-content\/uploads\/2021\/03\/sosu-ostjylland-medlemslogo-1-300x158.jpg\" class=\"attachment-medium size-medium\" alt=\"\" loading=\"lazy\" \/><\/a><\/figure><div class=\"elementor-image-box-content\"><p class=\"elementor-image-box-description\">SOSU \u00d8stjylland, <br>Denmark<\/p><\/div><\/div>\t\t<\/div>\n\t\t\t\t<\/div>\n\t\t\t\t<div class=\"elementor-element elementor-element-8f40ec1 elementor-button-warning elementor-align-center elementor-widget elementor-widget-button\" data-id=\"8f40ec1\" data-element_type=\"widget\" data-widget_type=\"button.default\">\n\t\t\t\t<div class=\"elementor-widget-container\">\n\t\t\t\t\t<div class=\"elementor-button-wrapper\">\n\t\t\t<a href=\"#elementor-action%3Aaction%3Dpopup%3Aopen%26settings%3DeyJpZCI6IjQ5OCIsInRvZ2dsZSI6ZmFsc2V9\" class=\"elementor-button-link elementor-button elementor-size-sm\" role=\"button\">\n\t\t\t\t\t\t<span class=\"elementor-button-content-wrapper\">\n\t\t\t\t\t\t<span class=\"elementor-button-text\">Presentation<\/span>\n\t\t<\/span>\n\t\t\t\t\t<\/a>\n\t\t<\/div>\n\t\t\t\t<\/div>\n\t\t\t\t<\/div>\n\t\t\t\t\t\t<\/div>\n\t\t\t\t\t<\/div>\n\t\t<\/div>\n\t\t\t\t<div class=\"elementor-column elementor-col-20 elementor-top-column elementor-element elementor-element-709aeef8 elementor-sm-50\" data-id=\"709aeef8\" data-element_type=\"column\">\n\t\t\t<div class=\"elementor-column-wrap elementor-element-populated\">\n\t\t\t\t\t\t\t<div class=\"elementor-widget-wrap\">\n\t\t\t\t\t\t<div class=\"elementor-element elementor-element-17ddf58c elementor-position-top elementor-vertical-align-top elementor-widget elementor-widget-image-box\" data-id=\"17ddf58c\" data-element_type=\"widget\" data-widget_type=\"image-box.default\">\n\t\t\t\t<div class=\"elementor-widget-container\">\n\t\t\t<div class=\"elementor-image-box-wrapper\"><figure class=\"elementor-image-box-img\"><a href=\"https:\/\/www.landstedembo.nl\/\"><img decoding=\"async\" width=\"1200\" height=\"630\" src=\"https:\/\/eduapp-project.eu\/wp-content\/uploads\/2021\/03\/landstede_1512186193-1.png\" class=\"attachment-full size-full\" alt=\"\" loading=\"lazy\" \/><\/a><\/figure><div class=\"elementor-image-box-content\"><p class=\"elementor-image-box-description\">Stichting <br>Landstede, Netherlands\n<\/p><\/div><\/div>\t\t<\/div>\n\t\t\t\t<\/div>\n\t\t\t\t<div class=\"elementor-element elementor-element-a1c6b3b elementor-button-warning elementor-align-center elementor-widget elementor-widget-button\" data-id=\"a1c6b3b\" data-element_type=\"widget\" data-widget_type=\"button.default\">\n\t\t\t\t<div class=\"elementor-widget-container\">\n\t\t\t\t\t<div class=\"elementor-button-wrapper\">\n\t\t\t<a href=\"https:\/\/www.landstedembo.nl\/\" class=\"elementor-button-link elementor-button elementor-size-sm\" role=\"button\">\n\t\t\t\t\t\t<span class=\"elementor-button-content-wrapper\">\n\t\t\t\t\t\t<span class=\"elementor-button-text\">Click here to more info<\/span>\n\t\t<\/span>\n\t\t\t\t\t<\/a>\n\t\t<\/div>\n\t\t\t\t<\/div>\n\t\t\t\t<\/div>\n\t\t\t\t\t\t<\/div>\n\t\t\t\t\t<\/div>\n\t\t<\/div>\n\t\t\t\t<div class=\"elementor-column elementor-col-20 elementor-top-column elementor-element elementor-element-42918a41 elementor-sm-50\" data-id=\"42918a41\" data-element_type=\"column\">\n\t\t\t<div class=\"elementor-column-wrap elementor-element-populated\">\n\t\t\t\t\t\t\t<div class=\"elementor-widget-wrap\">\n\t\t\t\t\t\t<div class=\"elementor-element elementor-element-6de9bf37 elementor-position-top elementor-vertical-align-top elementor-widget elementor-widget-image-box\" data-id=\"6de9bf37\" data-element_type=\"widget\" data-widget_type=\"image-box.default\">\n\t\t\t\t<div class=\"elementor-widget-container\">\n\t\t\t<div class=\"elementor-image-box-wrapper\"><figure class=\"elementor-image-box-img\"><a href=\"https:\/\/www.feg.ro\/\"><img decoding=\"async\" width=\"1200\" height=\"630\" src=\"https:\/\/eduapp-project.eu\/wp-content\/uploads\/2021\/03\/LOGO-FEG-2.png\" class=\"attachment-full size-full\" alt=\"\" loading=\"lazy\" \/><\/a><\/figure><div class=\"elementor-image-box-content\"><p class=\"elementor-image-box-description\">Funda\u021bia Ecologic\u0103 Green, Romania<\/p><\/div><\/div>\t\t<\/div>\n\t\t\t\t<\/div>\n\t\t\t\t<div class=\"elementor-element elementor-element-16e0ae2 elementor-button-warning elementor-align-center elementor-widget elementor-widget-button\" data-id=\"16e0ae2\" data-element_type=\"widget\" data-widget_type=\"button.default\">\n\t\t\t\t<div class=\"elementor-widget-container\">\n\t\t\t\t\t<div class=\"elementor-button-wrapper\">\n\t\t\t<a href=\"https:\/\/www.feg.ro\/\" class=\"elementor-button-link elementor-button elementor-size-sm\" role=\"button\">\n\t\t\t\t\t\t<span class=\"elementor-button-content-wrapper\">\n\t\t\t\t\t\t<span class=\"elementor-button-text\">Click here to more info<\/span>\n\t\t<\/span>\n\t\t\t\t\t<\/a>\n\t\t<\/div>\n\t\t\t\t<\/div>\n\t\t\t\t<\/div>\n\t\t\t\t\t\t<\/div>\n\t\t\t\t\t<\/div>\n\t\t<\/div>\n\t\t\t\t<div class=\"elementor-column elementor-col-20 elementor-top-column elementor-element elementor-element-5efde472 elementor-sm-50\" data-id=\"5efde472\" data-element_type=\"column\">\n\t\t\t<div class=\"elementor-column-wrap elementor-element-populated\">\n\t\t\t\t\t\t\t<div class=\"elementor-widget-wrap\">\n\t\t\t\t\t\t<div class=\"elementor-element elementor-element-e1c22b4 elementor-position-top elementor-vertical-align-top elementor-widget elementor-widget-image-box\" data-id=\"e1c22b4\" data-element_type=\"widget\" data-widget_type=\"image-box.default\">\n\t\t\t\t<div class=\"elementor-widget-container\">\n\t\t\t<div class=\"elementor-image-box-wrapper\"><figure class=\"elementor-image-box-img\"><a href=\"https:\/\/www.ipsantarem.pt\/en\/655-2\/\"><img decoding=\"async\" width=\"1080\" height=\"388\" src=\"https:\/\/eduapp-project.eu\/wp-content\/uploads\/2021\/09\/thumbnail-e1631697109565.png\" class=\"attachment-full size-full\" alt=\"\" loading=\"lazy\" \/><\/a><\/figure><div class=\"elementor-image-box-content\"><p class=\"elementor-image-box-description\">Instituto Polit\u00e9cnico de Santar\u00e9m, Portugal<\/p><\/div><\/div>\t\t<\/div>\n\t\t\t\t<\/div>\n\t\t\t\t<div class=\"elementor-element elementor-element-5bbd678 elementor-button-warning elementor-align-center elementor-widget elementor-widget-button\" data-id=\"5bbd678\" data-element_type=\"widget\" data-widget_type=\"button.default\">\n\t\t\t\t<div class=\"elementor-widget-container\">\n\t\t\t\t\t<div class=\"elementor-button-wrapper\">\n\t\t\t<a href=\"https:\/\/www.ipsantarem.pt\/en\/655-2\/\" class=\"elementor-button-link elementor-button elementor-size-sm\" role=\"button\">\n\t\t\t\t\t\t<span class=\"elementor-button-content-wrapper\">\n\t\t\t\t\t\t<span class=\"elementor-button-text\">Click here to more info<\/span>\n\t\t<\/span>\n\t\t\t\t\t<\/a>\n\t\t<\/div>\n\t\t\t\t<\/div>\n\t\t\t\t<\/div>\n\t\t\t\t\t\t<\/div>\n\t\t\t\t\t<\/div>\n\t\t<\/div>\n\t\t\t\t<div class=\"elementor-column elementor-col-20 elementor-top-column elementor-element elementor-element-359eb2b\" data-id=\"359eb2b\" data-element_type=\"column\">\n\t\t\t<div class=\"elementor-column-wrap elementor-element-populated\">\n\t\t\t\t\t\t\t<div class=\"elementor-widget-wrap\">\n\t\t\t\t\t\t<div class=\"elementor-element elementor-element-543b9d5 elementor-position-top elementor-vertical-align-top elementor-widget elementor-widget-image-box\" data-id=\"543b9d5\" data-element_type=\"widget\" data-widget_type=\"image-box.default\">\n\t\t\t\t<div class=\"elementor-widget-container\">\n\t\t\t<div class=\"elementor-image-box-wrapper\"><figure class=\"elementor-image-box-img\"><a href=\"http:\/\/www3.gobiernodecanarias.org\/medusa\/edublog\/ieselrincon\/\"><img decoding=\"async\" width=\"1200\" height=\"630\" src=\"https:\/\/eduapp-project.eu\/wp-content\/uploads\/2021\/03\/cropped-sin-titulo-4.jpg\" class=\"attachment-full size-full\" alt=\"\" loading=\"lazy\" \/><\/a><\/figure><div class=\"elementor-image-box-content\"><p class=\"elementor-image-box-description\">IES El Rinc\u00f3n, Spain<\/p><\/div><\/div>\t\t<\/div>\n\t\t\t\t<\/div>\n\t\t\t\t<div class=\"elementor-element elementor-element-d6c51e8 elementor-button-warning elementor-align-center elementor-widget elementor-widget-button\" data-id=\"d6c51e8\" data-element_type=\"widget\" data-widget_type=\"button.default\">\n\t\t\t\t<div class=\"elementor-widget-container\">\n\t\t\t\t\t<div class=\"elementor-button-wrapper\">\n\t\t\t<a href=\"http:\/\/www3.gobiernodecanarias.org\/medusa\/edublog\/ieselrincon\/\" class=\"elementor-button-link elementor-button elementor-size-sm\" role=\"button\">\n\t\t\t\t\t\t<span class=\"elementor-button-content-wrapper\">\n\t\t\t\t\t\t<span class=\"elementor-button-text\">Click here to more info<\/span>\n\t\t<\/span>\n\t\t\t\t\t<\/a>\n\t\t<\/div>\n\t\t\t\t<\/div>\n\t\t\t\t<\/div>\n\t\t\t\t\t\t<\/div>\n\t\t\t\t\t<\/div>\n\t\t<\/div>\n\t\t\t\t\t\t\t\t<\/div>\n\t\t\t\t\t<\/div>\n\t\t<\/section>\n\t\t\t\t\t\t\t\t\t<\/div>\n\t\t\t<\/div>\n\t\t\t\t\t<\/div>\n\t\t","protected":false},"excerpt":{"rendered":"<p>Parceria EduApp \u00e9 uma parceria entre 5 institui\u00e7\u00f5es, FEG, da Rom\u00e9nia, SOSU \u00d8STJYLLAND da Dinamarca, Stichting Landstede da Holanda, Instituto Polit\u00e9cnico de Santar\u00e9m, Portugal e IES El Rincon de Espanha, que ir\u00e3o criar um conjunto de ferramentas que ir\u00e3o construir a prontid\u00e3o do ensino digital e reduzir o impacto da crise no campo do EFP. [&hellip;]<\/p>\n","protected":false},"author":1,"featured_media":0,"parent":0,"menu_order":0,"comment_status":"closed","ping_status":"closed","template":"","meta":[],"ams_acf":[],"_links":{"self":[{"href":"https:\/\/eduapp-project.eu\/index.php?rest_route=\/wp\/v2\/pages\/1881"}],"collection":[{"href":"https:\/\/eduapp-project.eu\/index.php?rest_route=\/wp\/v2\/pages"}],"about":[{"href":"https:\/\/eduapp-project.eu\/index.php?rest_route=\/wp\/v2\/types\/page"}],"author":[{"embeddable":true,"href":"https:\/\/eduapp-project.eu\/index.php?rest_route=\/wp\/v2\/users\/1"}],"replies":[{"embeddable":true,"href":"https:\/\/eduapp-project.eu\/index.php?rest_route=%2Fwp%2Fv2%2Fcomments&post=1881"}],"version-history":[{"count":7,"href":"https:\/\/eduapp-project.eu\/index.php?rest_route=\/wp\/v2\/pages\/1881\/revisions"}],"predecessor-version":[{"id":2021,"href":"https:\/\/eduapp-project.eu\/index.php?rest_route=\/wp\/v2\/pages\/1881\/revisions\/2021"}],"wp:attachment":[{"href":"https:\/\/eduapp-project.eu\/index.php?rest_route=%2Fwp%2Fv2%2Fmedia&parent=1881"}],"curies":[{"name":"wp","href":"https:\/\/api.w.org\/{rel}","templated":true}]}}